{"id":1352,"date":"2016-02-12T07:54:41","date_gmt":"2016-02-12T07:54:41","guid":{"rendered":"http:\/\/demos.famethemes.com\/onepress\/?page_id=4"},"modified":"2016-02-12T07:54:41","modified_gmt":"2016-02-12T07:54:41","slug":"startseite-2","status":"publish","type":"page","link":"https:\/\/dreamy-hoover.194-56-190-89.plesk.page\/?page_id=1352","title":{"rendered":"Startseitealt"},"content":{"rendered":"<h2>FBA-Schweiz<\/h2>\n<h2>Alles Wissenswerte zu Amazon FBA<\/h2>\n<p>Erfahre hier alles wichtige zum Thema Amazon FBA.<br \/>\nZus\u00e4tzlich erf\u00e4hrst du wie Amazon FBA von der Schweiz aus funktioniert und wie unser Selbstversuch verl\u00e4uft<\/p>\n<h3>Amazon FBA schweiz<\/h3>\n<p>Erfahre hier alles zum Thema Amazon FBA, und wie es in der Schweiz funktioniert. Wir m\u00f6chten hier einen echten Erfahrungsbericht zur Verf\u00fcgung stellen, ohne gesponserte Drittanbieter einzubinden. Daf\u00fcr schalten wir dezente Werbung, um den Blog am Leben halten zu k\u00f6nnen. Euer FBA Schweiz Team.<\/p>\n<p><a href=\"http:\/\/fba-schweiz.ch\/blog\/\">Alles zu Amazon FBA Schweiz<\/a><\/p>\n<p><img loading=\"lazy\" decoding=\"async\" src=\"https:\/\/dreamy-hoover.194-56-190-89.plesk.page\/wp-content\/uploads\/2018\/01\/1470399594_Web_Design.png\" sizes=\"auto, (max-width: 512px) 100vw, 512px\" srcset=\"https:\/\/dreamy-hoover.194-56-190-89.plesk.page\/wp-content\/uploads\/2018\/01\/1470399594_Web_Design.png 512w, http:\/\/fba-schweiz.ch\/wp-content\/uploads\/2018\/01\/1470399594_Web_Design-150x150.png 150w, http:\/\/fba-schweiz.ch\/wp-content\/uploads\/2018\/01\/1470399594_Web_Design-300x300.png 300w\" alt=\"\" width=\"512\" height=\"512\" \/><\/p>\n<h3>Was wir bieten<\/h3>\n<figure><a href=\"http:\/\/fba-schweiz.ch\/blog\/\"><img decoding=\"async\" title=\"1470399662_Marketing.png\" src=\"https:\/\/dreamy-hoover.194-56-190-89.plesk.page\/wp-content\/uploads\/2018\/01\/1470399662_Marketing.png\" alt=\"1470399662_Marketing.png\" \/><\/a><\/figure>\n<h3><a href=\"http:\/\/fba-schweiz.ch\/blog\/\">Erfahrungen Amazon FBA<\/a><\/h3>\n<p>Unsere positiven wie negativen Erfahrungen mit Amazon FBA geben wir an Euch weiter.<\/p>\n<figure><img decoding=\"async\" title=\"1470399671_SEO.png\" src=\"https:\/\/dreamy-hoover.194-56-190-89.plesk.page\/wp-content\/uploads\/2018\/01\/1470399671_SEO.png\" alt=\"1470399671_SEO.png\" \/><\/figure>\n<h3>Besonderheiten Schweiz<\/h3>\n<p>Speziell f\u00fcr Schweizer Anbieter m\u00f6chten wir die Besonderheiten aufzeigen.<\/p>\n<figure><img decoding=\"async\" title=\"1470399715_E-Commerce.png\" src=\"https:\/\/dreamy-hoover.194-56-190-89.plesk.page\/wp-content\/uploads\/2018\/01\/1470399715_E-Commerce.png\" alt=\"1470399715_E-Commerce.png\" \/><\/figure>\n<h3>Tipps und Tricks<\/h3>\n<p>F\u00fcr alle Amazon FBA Anbieter m\u00f6chten wir unsere Tricks weitergeben. Vor allem posten wir aber auch Tipps f\u00fcr Schweizer Interessierte.<\/p>\n<figure><img decoding=\"async\" title=\"1470399674_App_Development.png\" src=\"https:\/\/dreamy-hoover.194-56-190-89.plesk.page\/wp-content\/uploads\/2018\/01\/1470399674_App_Development.png\" alt=\"1470399674_App_Development.png\" \/><\/figure>\n<h3>Nebenverdienst online<\/h3>\n<p>Neben Amazon FBA testen wir weitere, seri\u00f6se Nebenverdienstm\u00f6glichkeiten im Internet.<\/p>\n<figure><img decoding=\"async\" title=\"1470399667_Newsletter.png\" src=\"https:\/\/dreamy-hoover.194-56-190-89.plesk.page\/wp-content\/uploads\/2018\/01\/1470399667_Newsletter.png\" alt=\"1470399667_Newsletter.png\" \/><\/figure>\n<h3>Kontakt<\/h3>\n<p>per Mail an info@fba-schweiz.ch kann Kontakt zu uns hergestellt werden. Wir bem\u00fchen uns, Mails so schnell wie m\u00f6glich zu beantworten<\/p>\n<p><a href=\"mailto:info@fba-schweiz.ch\"><br \/>\nKontaktiere Uns<br \/>\n<\/a><\/p>\n<p>Seite in Bearbeitung. Wir bitten um Geduld. Februar 2018<\/p>\n<p>Amazon FBA Schweiz, Webdesign, online verdienen, Alibaba<\/p>\n<p><a href=\"http:\/\/www.fba-schweiz.ch\/impressum\">Impressum<\/a><\/p>\n<p>Image Source: <a href=\"http:\/\/www.wocintechchat.com\/\">WOCinTechChat<\/a>, <a href=\"https:\/\/www.iconfinder.com\/iconsets\/elpis\">Icon Finder<\/a><\/p>\n","protected":false},"excerpt":{"rendered":"<p>FBA-Schweiz Alles Wissenswerte zu Amazon FBA Erfahre hier alles wichtige zum Thema Amazon FBA. Zus\u00e4tzlich erf\u00e4hrst du wie Amazon FBA von der Schweiz aus funktioniert und wie unser Selbstversuch verl\u00e4uft Amazon FBA schweiz Erfahre hier alles zum Thema Amazon FBA, und wie es in der Schweiz funktioniert. Wir m\u00f6chten hier einen echten Erfahrungsbericht zur Verf\u00fcgung [&hellip;]<\/p>\n","protected":false},"author":1,"featured_media":0,"parent":0,"menu_order":0,"comment_status":"closed","ping_status":"closed","template":"","meta":{"_et_pb_use_builder":"","_et_pb_old_content":"","_et_gb_content_width":"","footnotes":""},"class_list":["post-1352","page","type-page","status-publish","hentry"],"_links":{"self":[{"href":"https:\/\/dreamy-hoover.194-56-190-89.plesk.page\/index.php?rest_route=\/wp\/v2\/pages\/1352","targetHints":{"allow":["GET"]}}],"collection":[{"href":"https:\/\/dreamy-hoover.194-56-190-89.plesk.page\/index.php?rest_route=\/wp\/v2\/pages"}],"about":[{"href":"https:\/\/dreamy-hoover.194-56-190-89.plesk.page\/index.php?rest_route=\/wp\/v2\/types\/page"}],"author":[{"embeddable":true,"href":"https:\/\/dreamy-hoover.194-56-190-89.plesk.page\/index.php?rest_route=\/wp\/v2\/users\/1"}],"replies":[{"embeddable":true,"href":"https:\/\/dreamy-hoover.194-56-190-89.plesk.page\/index.php?rest_route=%2Fwp%2Fv2%2Fcomments&post=1352"}],"version-history":[{"count":0,"href":"https:\/\/dreamy-hoover.194-56-190-89.plesk.page\/index.php?rest_route=\/wp\/v2\/pages\/1352\/revisions"}],"wp:attachment":[{"href":"https:\/\/dreamy-hoover.194-56-190-89.plesk.page\/index.php?rest_route=%2Fwp%2Fv2%2Fmedia&parent=1352"}],"curies":[{"name":"wp","href":"https:\/\/api.w.org\/{rel}","templated":true}]}}