{"id":1866,"date":"2020-03-10T00:16:53","date_gmt":"2020-03-09T23:16:53","guid":{"rendered":"http:\/\/www.fba-schweiz.ch\/?page_id=1866"},"modified":"2020-03-10T00:16:53","modified_gmt":"2020-03-09T23:16:53","slug":"ueber-uns","status":"publish","type":"page","link":"https:\/\/dreamy-hoover.194-56-190-89.plesk.page\/?page_id=1866","title":{"rendered":"\u00dcber Uns"},"content":{"rendered":"\n<h2 class=\"wp-block-heading\"> Unser Ziel <\/h2>\n\n\n\n<p>Auch wir haben ganz klein angefangen. Wir durften erleben, wie schwierig es war als Erster in der Schweiz durch die unerforschte Amazona zu durchk\u00e4mpfen! Die Wege sind wir gelaufen und nun bauen wir die Strassen f\u00fcr Euch. Wir wollen die Schweiz im Bereich Ecommerce helfen und die Onlineshop von guten Schweizerprodukte f\u00f6rdern. <\/p>\n\n\n\n<figure class=\"wp-block-image size-large\"><img loading=\"lazy\" decoding=\"async\" width=\"1024\" height=\"576\" src=\"https:\/\/www.fba-schweiz.ch\/wp-content\/uploads\/2022\/09\/FBA-Schweiz-Camp-1024x576.jpg\" alt=\"\" class=\"wp-image-1938\" srcset=\"https:\/\/dreamy-hoover.194-56-190-89.plesk.page\/wp-content\/uploads\/2022\/09\/FBA-Schweiz-Camp-1024x576.jpg 1024w, https:\/\/dreamy-hoover.194-56-190-89.plesk.page\/wp-content\/uploads\/2022\/09\/FBA-Schweiz-Camp-300x169.jpg 300w, https:\/\/dreamy-hoover.194-56-190-89.plesk.page\/wp-content\/uploads\/2022\/09\/FBA-Schweiz-Camp-768x432.jpg 768w, https:\/\/dreamy-hoover.194-56-190-89.plesk.page\/wp-content\/uploads\/2022\/09\/FBA-Schweiz-Camp-1536x864.jpg 1536w, https:\/\/dreamy-hoover.194-56-190-89.plesk.page\/wp-content\/uploads\/2022\/09\/FBA-Schweiz-Camp-1080x608.jpg 1080w, https:\/\/dreamy-hoover.194-56-190-89.plesk.page\/wp-content\/uploads\/2022\/09\/FBA-Schweiz-Camp-1280x720.jpg 1280w, https:\/\/dreamy-hoover.194-56-190-89.plesk.page\/wp-content\/uploads\/2022\/09\/FBA-Schweiz-Camp-980x551.jpg 980w, https:\/\/dreamy-hoover.194-56-190-89.plesk.page\/wp-content\/uploads\/2022\/09\/FBA-Schweiz-Camp-480x270.jpg 480w, https:\/\/dreamy-hoover.194-56-190-89.plesk.page\/wp-content\/uploads\/2022\/09\/FBA-Schweiz-Camp.jpg 1920w\" sizes=\"auto, (max-width: 1024px) 100vw, 1024px\" \/><\/figure>\n\n\n\n<p><\/p>\n\n\n\n<h2 class=\"wp-block-heading\">Ein Dankesch\u00f6n an Euch<\/h2>\n\n\n\n<p>Wir bedanken Euch ganz herzlich f\u00fcr all die viele private E-Mail aus der ganzen Schweiz! Wir sch\u00e4tzen es und es freut uns sehr, auch wenn wir nicht alle zur\u00fcckschreiben k\u00f6nnen, sagen wir hier: DAANKE! \ud83d\ude42<br><br><\/p>\n\n\n\n<figure class=\"wp-block-image size-large is-resized is-style-rounded\"><img loading=\"lazy\" decoding=\"async\" src=\"https:\/\/www.fba-schweiz.ch\/wp-content\/uploads\/2022\/09\/Amazon-FBA-Danke-1024x682.jpg\" alt=\"\" class=\"wp-image-1940\" width=\"822\" height=\"547\" srcset=\"https:\/\/dreamy-hoover.194-56-190-89.plesk.page\/wp-content\/uploads\/2022\/09\/Amazon-FBA-Danke-1024x682.jpg 1024w, https:\/\/dreamy-hoover.194-56-190-89.plesk.page\/wp-content\/uploads\/2022\/09\/Amazon-FBA-Danke-300x200.jpg 300w, https:\/\/dreamy-hoover.194-56-190-89.plesk.page\/wp-content\/uploads\/2022\/09\/Amazon-FBA-Danke-768x512.jpg 768w, https:\/\/dreamy-hoover.194-56-190-89.plesk.page\/wp-content\/uploads\/2022\/09\/Amazon-FBA-Danke-1080x720.jpg 1080w, https:\/\/dreamy-hoover.194-56-190-89.plesk.page\/wp-content\/uploads\/2022\/09\/Amazon-FBA-Danke-980x653.jpg 980w, https:\/\/dreamy-hoover.194-56-190-89.plesk.page\/wp-content\/uploads\/2022\/09\/Amazon-FBA-Danke-480x320.jpg 480w, https:\/\/dreamy-hoover.194-56-190-89.plesk.page\/wp-content\/uploads\/2022\/09\/Amazon-FBA-Danke.jpg 1280w\" sizes=\"auto, (max-width: 822px) 100vw, 822px\" \/><\/figure>\n\n\n\n<p><\/p>\n\n\n\n<h2 class=\"wp-block-heading\">Feedbacks von Euch<\/h2>\n\n\n\n<p>M\u00f6chte ich mich f\u00fcr den Blog bedanken. Ich hoffe, dass ich hier noch viele n\u00fctzliche Dinge finden, die mir auf dem Weg zum Amazon fba Verk\u00e4ufer helfen. &#8211; Alexandra<\/p>\n\n\n\n<p>Erstmals vielen Dank f\u00fcr die ausf\u00fchrliche R\u00fcckmeldung. Sowas ist nicht selbstverst\u00e4ndlich!?  &#8211; Elisa<\/p>\n\n\n\n<p>Danke f\u00fcr die R\u00fcckmeldung! \ud83d\ude42 <br>\nMeine G\u00fcte war das anstregend.. aber euer Blog hat echt geholfen. Danke dass ihr euch so M\u00fche macht.<\/p>\n\n\n<p style=\"background-color: #ffb366; padding: 1.0em; max-width: 100%; margin: 1.0em 0; border: solid 1.0px #cccccc;\"><a href=\"https:\/\/www.fba-schweiz.ch\/blog\"><strong>Hier gehts zum Blog weiter \ud83d\ude42<\/strong><\/a><\/p>","protected":false},"excerpt":{"rendered":"<p>Unser Ziel Auch wir haben ganz klein angefangen. Wir durften erleben, wie schwierig es war als Erster in der Schweiz durch die unerforschte Amazona zu durchk\u00e4mpfen! Die Wege sind wir gelaufen und nun bauen wir die Strassen f\u00fcr Euch. Wir wollen die Schweiz im Bereich Ecommerce helfen und die Onlineshop von guten Schweizerprodukte f\u00f6rdern. Ein [&hellip;]<\/p>\n","protected":false},"author":1,"featured_media":0,"parent":0,"menu_order":0,"comment_status":"closed","ping_status":"closed","template":"","meta":{"_et_pb_use_builder":"","_et_pb_old_content":"","_et_gb_content_width":"","footnotes":""},"class_list":["post-1866","page","type-page","status-publish","hentry"],"_links":{"self":[{"href":"https:\/\/dreamy-hoover.194-56-190-89.plesk.page\/index.php?rest_route=\/wp\/v2\/pages\/1866","targetHints":{"allow":["GET"]}}],"collection":[{"href":"https:\/\/dreamy-hoover.194-56-190-89.plesk.page\/index.php?rest_route=\/wp\/v2\/pages"}],"about":[{"href":"https:\/\/dreamy-hoover.194-56-190-89.plesk.page\/index.php?rest_route=\/wp\/v2\/types\/page"}],"author":[{"embeddable":true,"href":"https:\/\/dreamy-hoover.194-56-190-89.plesk.page\/index.php?rest_route=\/wp\/v2\/users\/1"}],"replies":[{"embeddable":true,"href":"https:\/\/dreamy-hoover.194-56-190-89.plesk.page\/index.php?rest_route=%2Fwp%2Fv2%2Fcomments&post=1866"}],"version-history":[{"count":0,"href":"https:\/\/dreamy-hoover.194-56-190-89.plesk.page\/index.php?rest_route=\/wp\/v2\/pages\/1866\/revisions"}],"wp:attachment":[{"href":"https:\/\/dreamy-hoover.194-56-190-89.plesk.page\/index.php?rest_route=%2Fwp%2Fv2%2Fmedia&parent=1866"}],"curies":[{"name":"wp","href":"https:\/\/api.w.org\/{rel}","templated":true}]}}